{"id":645,"date":"2020-12-15T16:14:02","date_gmt":"2020-12-15T15:14:02","guid":{"rendered":"https:\/\/wordpress.b-c-l.de\/?page_id=645"},"modified":"2021-07-19T18:57:42","modified_gmt":"2021-07-19T16:57:42","slug":"impressum","status":"publish","type":"page","link":"https:\/\/b-c-l.de\/en\/impressum\/","title":{"rendered":"Imprint"},"content":{"rendered":"<div data-elementor-type=\"wp-page\" data-elementor-id=\"645\" class=\"elementor elementor-645\">\n\t\t\t\t\t\t<div class=\"elementor-inner\">\n\t\t\t\t<div class=\"elementor-section-wrap\">\n\t\t\t\t\t\t\t\t\t<section class=\"elementor-section elementor-top-section elementor-element elementor-element-b620501 elementor-section-boxed elementor-section-height-default elementor-section-height-default\" data-id=\"b620501\" data-element_type=\"section\" data-settings=\"{&quot;background_background&quot;:&quot;classic&quot;}\">\n\t\t\t\t\t\t\t<div class=\"elementor-background-overlay\"><\/div>\n\t\t\t\t\t\t\t<div class=\"elementor-container elementor-column-gap-no\">\n\t\t\t\t\t\t\t<div class=\"elementor-row\">\n\t\t\t\t\t<div class=\"elementor-column elementor-col-100 elementor-top-column elementor-element elementor-element-144ecd4\" data-id=\"144ecd4\" data-element_type=\"column\">\n\t\t\t<div class=\"elementor-column-wrap elementor-element-populated\">\n\t\t\t\t\t\t\t<div class=\"elementor-widget-wrap\">\n\t\t\t\t\t\t<div class=\"elementor-element elementor-element-5db393f elementor-widget elementor-widget-heading\" data-id=\"5db393f\" data-element_type=\"widget\" data-widget_type=\"heading.default\">\n\t\t\t\t<div class=\"elementor-widget-container\">\n\t\t\t<h1 class=\"elementor-heading-title elementor-size-default\">Imprint<\/h1>\t\t<\/div>\n\t\t\t\t<\/div>\n\t\t\t\t\t\t<\/div>\n\t\t\t\t\t<\/div>\n\t\t<\/div>\n\t\t\t\t\t\t\t\t<\/div>\n\t\t\t\t\t<\/div>\n\t\t<\/section>\n\t\t\t\t<section class=\"elementor-section elementor-top-section elementor-element elementor-element-b19c0df elementor-section-boxed elementor-section-height-default elementor-section-height-default\" data-id=\"b19c0df\" data-element_type=\"section\">\n\t\t\t\t\t\t<div class=\"elementor-container elementor-column-gap-default\">\n\t\t\t\t\t\t\t<div class=\"elementor-row\">\n\t\t\t\t\t<div class=\"elementor-column elementor-col-100 elementor-top-column elementor-element elementor-element-ac328c8\" data-id=\"ac328c8\" data-element_type=\"column\">\n\t\t\t<div class=\"elementor-column-wrap elementor-element-populated\">\n\t\t\t\t\t\t\t<div class=\"elementor-widget-wrap\">\n\t\t\t\t\t\t<section class=\"elementor-section elementor-inner-section elementor-element elementor-element-09a36e2 elementor-section-boxed elementor-section-height-default elementor-section-height-default\" data-id=\"09a36e2\" data-element_type=\"section\">\n\t\t\t\t\t\t<div class=\"elementor-container elementor-column-gap-default\">\n\t\t\t\t\t\t\t<div class=\"elementor-row\">\n\t\t\t\t\t<div class=\"elementor-column elementor-col-100 elementor-inner-column elementor-element elementor-element-9c8f9e7\" data-id=\"9c8f9e7\" data-element_type=\"column\">\n\t\t\t<div class=\"elementor-column-wrap elementor-element-populated\">\n\t\t\t\t\t\t\t<div class=\"elementor-widget-wrap\">\n\t\t\t\t\t\t<div class=\"elementor-element elementor-element-011b6c6 elementor-widget elementor-widget-text-editor\" data-id=\"011b6c6\" data-element_type=\"widget\" data-widget_type=\"text-editor.default\">\n\t\t\t\t<div class=\"elementor-widget-container\">\n\t\t\t\t\t\t\t\t<div class=\"elementor-text-editor elementor-clearfix\">\n\t\t\t\t<p><strong>Business<br \/><\/strong>Bio-Chemisches Laboratorium<br \/>Dr. Lehmann GmbH &amp; Co. KG<br \/><span style=\"font-size: 16px;font-style: normal;font-weight: 400\">Sitz Lautrach, Registergericht Memmingen HRA 8211,<\/span><br \/>Osterriederstr. 23a<br \/>87763 Lautrach<\/p><p><strong>Represented by the liable shareholder:<br \/><\/strong>Dr. Lehmann GmbH<br \/>Osterriederstr. 23a<br \/>87763 Lautrach<br \/>Gesch\u00e4ftsf\u00fchrer: Dr. Richard Lehmann und Dr. Samuel Mang<br \/>Registergericht Memmingen, HRB 8450<\/p><p><strong>Contact:<\/strong><br \/>Phone: +49 8394 \u2013 9266 26 \u2013 0<br \/>Telefax: +49 8394 926626 &#8211; 9<br \/>Email\u00a0<a>info@b-c-l.de<\/a><\/p><p>Sitz Lautrach, Registergericht Memmingen HRA 8211,<br \/>PhG: Dr. Lehmann GmbH,<br \/>Gesch\u00e4ftsf\u00fchrer Dr. Richard Lehmann und\u00a0Dr. Samuel Mang<br \/>Registergericht Memmingen HRB 8450<\/p><p>Responsible Person according to \u00a7 10 MDStV:<br \/>CEO Dr. Richard Lehmann<\/p>\t\t\t\t\t<\/div>\n\t\t\t\t\t\t<\/div>\n\t\t\t\t<\/div>\n\t\t\t\t\t\t<\/div>\n\t\t\t\t\t<\/div>\n\t\t<\/div>\n\t\t\t\t\t\t\t\t<\/div>\n\t\t\t\t\t<\/div>\n\t\t<\/section>\n\t\t\t\t\t\t<\/div>\n\t\t\t\t\t<\/div>\n\t\t<\/div>\n\t\t\t\t\t\t\t\t<\/div>\n\t\t\t\t\t<\/div>\n\t\t<\/section>\n\t\t\t\t\t\t\t\t\t<\/div>\n\t\t\t<\/div>\n\t\t\t\t\t<\/div>","protected":false},"excerpt":{"rendered":"<p>Impressum Unternehmen:Bio-Chemisches LaboratoriumDr. Lehmann GmbH &amp; Co. KGSitz Lautrach, Registergericht Memmingen HRA 8211,Osterriederstr. 23a87763 Lautrach Vertreten durch die pers\u00f6nlich haftende Gesellschafterin:Dr. Lehmann GmbHOsterriederstr. 23a87763 LautrachGesch\u00e4ftsf\u00fchrer: Dr. Richard Lehmann und Dr. Samuel MangRegistergericht Memmingen, HRB 8450 Kontakt:Telefon: +49 8394 926626 &#8211; 0Telefax: +49 8394 926626 &#8211; 9E-Mail:\u00a0info@b-c-l.de Sitz Lautrach, Registergericht Memmingen HRA 8211,PhG: Dr. Lehmann GmbH,Gesch\u00e4ftsf\u00fchrer &hellip;<\/p>\n<p class=\"read-more\"> <a class=\"\" href=\"https:\/\/b-c-l.de\/en\/impressum\/\"> <span class=\"screen-reader-text\">Imprint<\/span> Read More &raquo;<\/a><\/p>","protected":false},"author":1,"featured_media":0,"parent":0,"menu_order":0,"comment_status":"closed","ping_status":"closed","template":"","meta":{"site-sidebar-layout":"no-sidebar","site-content-layout":"page-builder","ast-global-header-display":"","ast-banner-title-visibility":"","ast-main-header-display":"","ast-hfb-above-header-display":"","ast-hfb-below-header-display":"","ast-hfb-mobile-header-display":"","site-post-title":"disabled","ast-breadcrumbs-content":"","ast-featured-img":"disabled","footer-sml-layout":"","theme-transparent-header-meta":"default","adv-header-id-meta":"","stick-header-meta":"","header-above-stick-meta":"","header-main-stick-meta":"","header-below-stick-meta":""},"_links":{"self":[{"href":"https:\/\/b-c-l.de\/en\/wp-json\/wp\/v2\/pages\/645"}],"collection":[{"href":"https:\/\/b-c-l.de\/en\/wp-json\/wp\/v2\/pages"}],"about":[{"href":"https:\/\/b-c-l.de\/en\/wp-json\/wp\/v2\/types\/page"}],"author":[{"embeddable":true,"href":"https:\/\/b-c-l.de\/en\/wp-json\/wp\/v2\/users\/1"}],"replies":[{"embeddable":true,"href":"https:\/\/b-c-l.de\/en\/wp-json\/wp\/v2\/comments?post=645"}],"version-history":[{"count":11,"href":"https:\/\/b-c-l.de\/en\/wp-json\/wp\/v2\/pages\/645\/revisions"}],"predecessor-version":[{"id":879,"href":"https:\/\/b-c-l.de\/en\/wp-json\/wp\/v2\/pages\/645\/revisions\/879"}],"wp:attachment":[{"href":"https:\/\/b-c-l.de\/en\/wp-json\/wp\/v2\/media?parent=645"}],"curies":[{"name":"wp","href":"https:\/\/api.w.org\/{rel}","templated":true}]}}